{"id":175,"date":"2022-09-27T16:08:54","date_gmt":"2022-09-27T16:08:54","guid":{"rendered":"https:\/\/enlaceiei.org\/?page_id=175"},"modified":"2022-09-27T16:08:55","modified_gmt":"2022-09-27T16:08:55","slug":"archivo-de-noticias","status":"publish","type":"page","link":"https:\/\/enlaceiei.org\/index.php\/archivo-de-noticias\/","title":{"rendered":"ARCHIVO DE NOTICIAS"},"content":{"rendered":"\n<div class=\"wp-block-media-text alignwide is-stacked-on-mobile\"><figure class=\"wp-block-media-text__media\"><img loading=\"lazy\" decoding=\"async\" width=\"448\" height=\"640\" src=\"https:\/\/enlaceiei.org\/wp-content\/uploads\/2022\/09\/Afiche-La-pandemia-en-Latinoamerica-y-el-Caribe3.png\" alt=\"\" class=\"wp-image-176 size-full\" srcset=\"https:\/\/enlaceiei.org\/wp-content\/uploads\/2022\/09\/Afiche-La-pandemia-en-Latinoamerica-y-el-Caribe3.png 448w, https:\/\/enlaceiei.org\/wp-content\/uploads\/2022\/09\/Afiche-La-pandemia-en-Latinoamerica-y-el-Caribe3-210x300.png 210w\" sizes=\"auto, (max-width: 448px) 100vw, 448px\" \/><\/figure><div class=\"wp-block-media-text__content\">\n<h3 class=\"wp-block-heading\">WEBINAR \u201cPANDEMIA Y UNIVERSIDAD: TRANSFIGURACIONES INTERDISCIPLINARIAS\u201d.<\/h3>\n\n\n\n<p>Les queremos invitar al tercer webinar de Enlace Interdisciplinario \u201cPandemia y universidad: transfiguraciones interdisciplinarias\u201d. Enlace IEI es una iniciativa que nace en el contexto del Congreso Latinoamericano de Educaci\u00f3n Superior e Investigaci\u00f3n Interdisciplinaria y que intenta construir un espacio de encuentro entre acad\u00e9micos(as), estudiantes, funcionarios(as) y las distintas iniciativas con abordajes inter (ID) y transdisciplinarios (TD). Tiene como perspectiva constituir un espacio de discusi\u00f3n y enlace respetuoso del di\u00e1logo de la ciencia y de los diversos saberes, interesado en el desarrollo de nuevas metodolog\u00edas y orientaciones que enhebran, articulen y sinteticen el saber, y preocupado por enfrentar de manera concreta los complejos desaf\u00edos que plantea la realidad y la sociedad latinoamericana en los tiempos actuales.&nbsp;&nbsp;<\/p>\n\n\n\n<p>Este evento busca generar puntos y contrapuntos en un momento donde la universidad se ve tensionada ante una sindemia que construye un punto de inflexi\u00f3n de nuestras cotidianidades. Contar\u00e1 con la participaci\u00f3n de actores con experiencia en la gesti\u00f3n, participaci\u00f3n e incentivo a distintas iniciativas ID y TD:<\/p>\n\n\n\n<p>Ana Murgida, Instituto de Ciencias Antropol\u00f3gicas, Universidad de Buenos Aires, Argentina.<\/p>\n\n\n\n<p>Pablo Abril, Vicerrector General Universidad Nacional de Colombia<\/p>\n\n\n\n<p>Jaime Campos, Coordinador Foro 5 \u201cNuevos campos de conocimiento y saberes integrados\u201d de Re-crear la Universidad P\u00fablica, Universidad de Chile<\/p>\n\n\n\n<p>Hugo Melgar, Instituto de Seguridad Alimentaria Mundial de la Universidad McGill, Canad\u00e1.<\/p>\n\n\n\n<p>Modera: Pablo Riveros, Unidad de Redes Transdisciplinarias, Vicerrector\u00eda de Investigaci\u00f3n y Desarrollo, Universidad de Chile.<\/p>\n\n\n\n<p>El seminario online se realizar\u00e1 el pr\u00f3ximo mi\u00e9rcoles 25 de noviembre a las 19:30 hrs de Chile, Uruguay y Argentina a trav\u00e9s del canal de YouTube de Enlace IEI. El link de inscripci\u00f3n es el siguiente:&nbsp;<a href=\"https:\/\/forms.gle\/wFxVR6PzcWkx6rsq9%C2%A0\" target=\"_blank\" rel=\"noreferrer noopener\">https:\/\/forms.gle\/wFxVR6PzcWkx6rsq9&nbsp;<\/a><\/p>\n\n\n\n<p>Esperamos contar con su valiosa presencia, que sin duda permitir\u00e1 enriquecer este espacio de di\u00e1logo.&nbsp;<\/p>\n<\/div><\/div>\n\n\n\n<div class=\"wp-block-media-text alignwide is-stacked-on-mobile\" style=\"grid-template-columns:51% auto\"><figure class=\"wp-block-media-text__media\"><img loading=\"lazy\" decoding=\"async\" width=\"381\" height=\"1024\" src=\"https:\/\/enlaceiei.org\/wp-content\/uploads\/2022\/09\/ACTIVIDAD-381x1024.png\" alt=\"\" class=\"wp-image-177 size-full\" srcset=\"https:\/\/enlaceiei.org\/wp-content\/uploads\/2022\/09\/ACTIVIDAD-381x1024.png 381w, https:\/\/enlaceiei.org\/wp-content\/uploads\/2022\/09\/ACTIVIDAD-112x300.png 112w, https:\/\/enlaceiei.org\/wp-content\/uploads\/2022\/09\/ACTIVIDAD-572x1536.png 572w, https:\/\/enlaceiei.org\/wp-content\/uploads\/2022\/09\/ACTIVIDAD.png 588w\" sizes=\"auto, (max-width: 381px) 100vw, 381px\" \/><\/figure><div class=\"wp-block-media-text__content\">\n<h3 class=\"wp-block-heading\">PRIMER FORO INTERNACIONAL: \u00abENSE\u00d1ANZA INTERDISCIPLINARIA EN LA EDUCACI\u00d3N SUPERIOR\u00bb<\/h3>\n\n\n\n<p class=\"has-medium-font-size\">Se les comparte la invitaci\u00f3n de&nbsp;Primer Foro Internacional: \u00abEnse\u00f1anza Interdisciplinaria en la Educaci\u00f3n Superior\u201d, organizado por iCubo de la Universidad del Desarrollo.<\/p>\n\n\n\n<p>En \u00e9l participa la colega Ana Corbacho de Enlace Internacional.<\/p>\n\n\n\n<p>Link de inscripci\u00f3n:&nbsp;<a href=\"https:\/\/icubo.udd.cl\/inscripcion-foro-id\/\">https:\/\/icubo.udd.cl\/inscripcion-foro-id\/<\/a><\/p>\n<\/div><\/div>\n","protected":false},"excerpt":{"rendered":"<p>WEBINAR \u201cPANDEMIA Y UNIVERSIDAD: TRANSFIGURACIONES INTERDISCIPLINARIAS\u201d. Les queremos invitar al tercer webinar de Enlace Interdisciplinario \u201cPandemia y universidad: transfiguraciones interdisciplinarias\u201d. Enlace IEI es una iniciativa que nace en el contexto &#8230;<\/p>\n","protected":false},"author":1,"featured_media":0,"parent":0,"menu_order":0,"comment_status":"closed","ping_status":"closed","template":"","meta":{"footnotes":""},"class_list":["post-175","page","type-page","status-publish","hentry"],"_links":{"self":[{"href":"https:\/\/enlaceiei.org\/index.php\/wp-json\/wp\/v2\/pages\/175","targetHints":{"allow":["GET"]}}],"collection":[{"href":"https:\/\/enlaceiei.org\/index.php\/wp-json\/wp\/v2\/pages"}],"about":[{"href":"https:\/\/enlaceiei.org\/index.php\/wp-json\/wp\/v2\/types\/page"}],"author":[{"embeddable":true,"href":"https:\/\/enlaceiei.org\/index.php\/wp-json\/wp\/v2\/users\/1"}],"replies":[{"embeddable":true,"href":"https:\/\/enlaceiei.org\/index.php\/wp-json\/wp\/v2\/comments?post=175"}],"version-history":[{"count":1,"href":"https:\/\/enlaceiei.org\/index.php\/wp-json\/wp\/v2\/pages\/175\/revisions"}],"predecessor-version":[{"id":178,"href":"https:\/\/enlaceiei.org\/index.php\/wp-json\/wp\/v2\/pages\/175\/revisions\/178"}],"wp:attachment":[{"href":"https:\/\/enlaceiei.org\/index.php\/wp-json\/wp\/v2\/media?parent=175"}],"curies":[{"name":"wp","href":"https:\/\/api.w.org\/{rel}","templated":true}]}}